{"id":7649,"date":"2022-02-07T14:28:50","date_gmt":"2022-02-07T14:28:50","guid":{"rendered":"https:\/\/isob-regensburg.net\/?page_id=7649"},"modified":"2022-02-08T15:19:25","modified_gmt":"2022-02-08T15:19:25","slug":"projekt-respectnet-2","status":"publish","type":"page","link":"https:\/\/isob-regensburg.net\/en\/projekt-respectnet-2\/","title":{"rendered":"Projekt RespectNET"},"content":{"rendered":"<div data-elementor-type=\"wp-page\" data-elementor-id=\"7649\" class=\"elementor elementor-7649\">\n\t\t\t\t\t\t<section class=\"elementor-section elementor-top-section elementor-element elementor-element-7844dbd elementor-section-boxed elementor-section-height-default elementor-section-height-default\" data-id=\"7844dbd\" data-element_type=\"section\" data-e-type=\"section\">\n\t\t\t\t\t\t<div class=\"elementor-container elementor-column-gap-default\">\n\t\t\t\t\t<div class=\"elementor-column elementor-col-50 elementor-top-column elementor-element elementor-element-1170368\" data-id=\"1170368\" data-element_type=\"column\" data-e-type=\"column\">\n\t\t\t<div class=\"elementor-widget-wrap elementor-element-populated\">\n\t\t\t\t\t\t<div class=\"elementor-element elementor-element-5a44e26 elementor-widget elementor-widget-image\" data-id=\"5a44e26\" data-element_type=\"widget\" data-e-type=\"widget\" data-widget_type=\"image.default\">\n\t\t\t\t<div class=\"elementor-widget-container\">\n\t\t\t\t\t\t\t\t\t\t\t\t\t\t\t<img decoding=\"async\" src=\"https:\/\/isob-regensburg.net\/wp-content\/uploads\/2022\/02\/Folie5.jpg\" title=\"\" alt=\"\" loading=\"lazy\" \/>\t\t\t\t\t\t\t\t\t\t\t\t\t\t\t<\/div>\n\t\t\t\t<\/div>\n\t\t\t\t\t<\/div>\n\t\t<\/div>\n\t\t\t\t<div class=\"elementor-column elementor-col-50 elementor-top-column elementor-element elementor-element-cc033d0\" data-id=\"cc033d0\" data-element_type=\"column\" data-e-type=\"column\">\n\t\t\t<div class=\"elementor-widget-wrap elementor-element-populated\">\n\t\t\t\t\t\t<div class=\"elementor-element elementor-element-91545a0 elementor-widget elementor-widget-heading\" data-id=\"91545a0\" data-element_type=\"widget\" data-e-type=\"widget\" data-widget_type=\"heading.default\">\n\t\t\t\t<div class=\"elementor-widget-container\">\n\t\t\t\t\t<h3 class=\"elementor-heading-title elementor-size-default\">Respektvolle Kommunikation durch Medienerziehungsnetzwerk (RespectNET)<\/h3>\t\t\t\t<\/div>\n\t\t\t\t<\/div>\n\t\t\t\t<section class=\"elementor-section elementor-inner-section elementor-element elementor-element-c04f233 elementor-section-boxed elementor-section-height-default elementor-section-height-default\" data-id=\"c04f233\" data-element_type=\"section\" data-e-type=\"section\">\n\t\t\t\t\t\t<div class=\"elementor-container elementor-column-gap-default\">\n\t\t\t\t\t<div class=\"elementor-column elementor-col-25 elementor-inner-column elementor-element elementor-element-f213334\" data-id=\"f213334\" data-element_type=\"column\" data-e-type=\"column\">\n\t\t\t<div class=\"elementor-widget-wrap elementor-element-populated\">\n\t\t\t\t\t\t<div class=\"elementor-element elementor-element-587abcd elementor-view-stacked elementor-shape-circle elementor-widget elementor-widget-icon\" data-id=\"587abcd\" data-element_type=\"widget\" data-e-type=\"widget\" data-widget_type=\"icon.default\">\n\t\t\t\t<div class=\"elementor-widget-container\">\n\t\t\t\t\t\t\t<div class=\"elementor-icon-wrapper\">\n\t\t\t<div class=\"elementor-icon\">\n\t\t\t<i aria-hidden=\"true\" class=\"fas fa-laptop\"><\/i>\t\t\t<\/div>\n\t\t<\/div>\n\t\t\t\t\t\t<\/div>\n\t\t\t\t<\/div>\n\t\t\t\t\t<\/div>\n\t\t<\/div>\n\t\t\t\t<div class=\"elementor-column elementor-col-25 elementor-inner-column elementor-element elementor-element-9019f67\" data-id=\"9019f67\" data-element_type=\"column\" data-e-type=\"column\">\n\t\t\t<div class=\"elementor-widget-wrap\">\n\t\t\t\t\t\t\t<\/div>\n\t\t<\/div>\n\t\t\t\t<div class=\"elementor-column elementor-col-25 elementor-inner-column elementor-element elementor-element-51c4a05\" data-id=\"51c4a05\" data-element_type=\"column\" data-e-type=\"column\">\n\t\t\t<div class=\"elementor-widget-wrap\">\n\t\t\t\t\t\t\t<\/div>\n\t\t<\/div>\n\t\t\t\t<div class=\"elementor-column elementor-col-25 elementor-inner-column elementor-element elementor-element-177dfce\" data-id=\"177dfce\" data-element_type=\"column\" data-e-type=\"column\">\n\t\t\t<div class=\"elementor-widget-wrap\">\n\t\t\t\t\t\t\t<\/div>\n\t\t<\/div>\n\t\t\t\t\t<\/div>\n\t\t<\/section>\n\t\t\t\t\t<\/div>\n\t\t<\/div>\n\t\t\t\t\t<\/div>\n\t\t<\/section>\n\t\t\t\t<section class=\"elementor-section elementor-top-section elementor-element elementor-element-65f5db1 elementor-section-boxed elementor-section-height-default elementor-section-height-default\" data-id=\"65f5db1\" data-element_type=\"section\" data-e-type=\"section\">\n\t\t\t\t\t\t<div class=\"elementor-container elementor-column-gap-default\">\n\t\t\t\t\t<div class=\"elementor-column elementor-col-100 elementor-top-column elementor-element elementor-element-3797dcd\" data-id=\"3797dcd\" data-element_type=\"column\" data-e-type=\"column\">\n\t\t\t<div class=\"elementor-widget-wrap elementor-element-populated\">\n\t\t\t\t\t\t<div class=\"elementor-element elementor-element-27ea60e elementor-widget-divider--view-line elementor-invisible elementor-widget elementor-widget-divider\" data-id=\"27ea60e\" data-element_type=\"widget\" data-e-type=\"widget\" data-settings=\"{&quot;_animation&quot;:&quot;fadeIn&quot;}\" data-widget_type=\"divider.default\">\n\t\t\t\t<div class=\"elementor-widget-container\">\n\t\t\t\t\t\t\t<div class=\"elementor-divider\">\n\t\t\t<span class=\"elementor-divider-separator\">\n\t\t\t\t\t\t<\/span>\n\t\t<\/div>\n\t\t\t\t\t\t<\/div>\n\t\t\t\t<\/div>\n\t\t\t\t\t<\/div>\n\t\t<\/div>\n\t\t\t\t\t<\/div>\n\t\t<\/section>\n\t\t\t\t<section class=\"elementor-section elementor-top-section elementor-element elementor-element-87ea5bc elementor-section-boxed elementor-section-height-default elementor-section-height-default\" data-id=\"87ea5bc\" data-element_type=\"section\" data-e-type=\"section\">\n\t\t\t\t\t\t<div class=\"elementor-container elementor-column-gap-default\">\n\t\t\t\t\t<div class=\"elementor-column elementor-col-50 elementor-top-column elementor-element elementor-element-b0dac6e\" data-id=\"b0dac6e\" data-element_type=\"column\" data-e-type=\"column\">\n\t\t\t<div class=\"elementor-widget-wrap elementor-element-populated\">\n\t\t\t\t\t\t<div class=\"elementor-element elementor-element-49d68ef elementor-invisible elementor-widget elementor-widget-heading\" data-id=\"49d68ef\" data-element_type=\"widget\" data-e-type=\"widget\" data-settings=\"{&quot;_animation&quot;:&quot;fadeIn&quot;}\" data-widget_type=\"heading.default\">\n\t\t\t\t<div class=\"elementor-widget-container\">\n\t\t\t\t\t<h2 class=\"elementor-heading-title elementor-size-medium\">Funding information<\/h2>\t\t\t\t<\/div>\n\t\t\t\t<\/div>\n\t\t\t\t<div class=\"elementor-element elementor-element-b3a2ec9 elementor-invisible elementor-widget elementor-widget-image\" data-id=\"b3a2ec9\" data-element_type=\"widget\" data-e-type=\"widget\" data-settings=\"{&quot;_animation&quot;:&quot;fadeIn&quot;}\" data-widget_type=\"image.default\">\n\t\t\t\t<div class=\"elementor-widget-container\">\n\t\t\t\t\t\t\t\t\t\t\t\t\t\t\t<img decoding=\"async\" width=\"300\" height=\"73\" src=\"https:\/\/isob-regensburg.net\/wp-content\/uploads\/2021\/05\/ErasmusLogo-300x73.png\" class=\"attachment-medium size-medium wp-image-781\" alt=\"\" srcset=\"https:\/\/isob-regensburg.net\/wp-content\/uploads\/2021\/05\/ErasmusLogo-300x73.png 300w, https:\/\/isob-regensburg.net\/wp-content\/uploads\/2021\/05\/ErasmusLogo.png 512w\" sizes=\"(max-width: 300px) 100vw, 300px\" \/>\t\t\t\t\t\t\t\t\t\t\t\t\t\t\t<\/div>\n\t\t\t\t<\/div>\n\t\t\t\t\t<\/div>\n\t\t<\/div>\n\t\t\t\t<div class=\"elementor-column elementor-col-50 elementor-top-column elementor-element elementor-element-7dbacd0\" data-id=\"7dbacd0\" data-element_type=\"column\" data-e-type=\"column\">\n\t\t\t<div class=\"elementor-widget-wrap elementor-element-populated\">\n\t\t\t\t\t\t<div class=\"elementor-element elementor-element-5ff6772 elementor-invisible elementor-widget elementor-widget-text-editor\" data-id=\"5ff6772\" data-element_type=\"widget\" data-e-type=\"widget\" data-settings=\"{&quot;_animation&quot;:&quot;fadeIn&quot;}\" data-widget_type=\"text-editor.default\">\n\t\t\t\t<div class=\"elementor-widget-container\">\n\t\t\t\t\t\t\t\t\t<p><strong>Project duration: <\/strong>01.11.2021 &#8211; 01.07.2024<\/p><p><strong>Project code number: <\/strong>KA220-HED-575D05B8<\/p><p><strong>Funding guideline:<\/strong>KA220-HED &#8211; Cooperation partnerships in higher education<\/p>\t\t\t\t\t\t\t\t<\/div>\n\t\t\t\t<\/div>\n\t\t\t\t\t<\/div>\n\t\t<\/div>\n\t\t\t\t\t<\/div>\n\t\t<\/section>\n\t\t\t\t<section class=\"elementor-section elementor-top-section elementor-element elementor-element-3c35a9d elementor-section-boxed elementor-section-height-default elementor-section-height-default\" data-id=\"3c35a9d\" data-element_type=\"section\" data-e-type=\"section\">\n\t\t\t\t\t\t<div class=\"elementor-container elementor-column-gap-default\">\n\t\t\t\t\t<div class=\"elementor-column elementor-col-100 elementor-top-column elementor-element elementor-element-aa91d76\" data-id=\"aa91d76\" data-element_type=\"column\" data-e-type=\"column\">\n\t\t\t<div class=\"elementor-widget-wrap elementor-element-populated\">\n\t\t\t\t\t\t<div class=\"elementor-element elementor-element-15594f8 elementor-widget-divider--view-line elementor-invisible elementor-widget elementor-widget-divider\" data-id=\"15594f8\" data-element_type=\"widget\" data-e-type=\"widget\" data-settings=\"{&quot;_animation&quot;:&quot;fadeIn&quot;}\" data-widget_type=\"divider.default\">\n\t\t\t\t<div class=\"elementor-widget-container\">\n\t\t\t\t\t\t\t<div class=\"elementor-divider\">\n\t\t\t<span class=\"elementor-divider-separator\">\n\t\t\t\t\t\t<\/span>\n\t\t<\/div>\n\t\t\t\t\t\t<\/div>\n\t\t\t\t<\/div>\n\t\t\t\t\t<\/div>\n\t\t<\/div>\n\t\t\t\t\t<\/div>\n\t\t<\/section>\n\t\t\t\t<section class=\"elementor-section elementor-top-section elementor-element elementor-element-1dbc568 elementor-section-boxed elementor-section-height-default elementor-section-height-default\" data-id=\"1dbc568\" data-element_type=\"section\" data-e-type=\"section\">\n\t\t\t\t\t\t<div class=\"elementor-container elementor-column-gap-default\">\n\t\t\t\t\t<div class=\"elementor-column elementor-col-100 elementor-top-column elementor-element elementor-element-39570ad\" data-id=\"39570ad\" data-element_type=\"column\" data-e-type=\"column\">\n\t\t\t<div class=\"elementor-widget-wrap elementor-element-populated\">\n\t\t\t\t\t\t<div class=\"elementor-element elementor-element-7fb966b elementor-invisible elementor-widget elementor-widget-heading\" data-id=\"7fb966b\" data-element_type=\"widget\" data-e-type=\"widget\" data-settings=\"{&quot;_animation&quot;:&quot;fadeIn&quot;}\" data-widget_type=\"heading.default\">\n\t\t\t\t<div class=\"elementor-widget-container\">\n\t\t\t\t\t<h2 class=\"elementor-heading-title elementor-size-medium\">Project concept<\/h2>\t\t\t\t<\/div>\n\t\t\t\t<\/div>\n\t\t\t\t\t<\/div>\n\t\t<\/div>\n\t\t\t\t\t<\/div>\n\t\t<\/section>\n\t\t\t\t<section class=\"elementor-section elementor-top-section elementor-element elementor-element-3aa707c elementor-section-boxed elementor-section-height-default elementor-section-height-default\" data-id=\"3aa707c\" data-element_type=\"section\" data-e-type=\"section\">\n\t\t\t\t\t\t<div class=\"elementor-container elementor-column-gap-default\">\n\t\t\t\t\t<div class=\"elementor-column elementor-col-100 elementor-top-column elementor-element elementor-element-3c0dc94\" data-id=\"3c0dc94\" data-element_type=\"column\" data-e-type=\"column\">\n\t\t\t<div class=\"elementor-widget-wrap elementor-element-populated\">\n\t\t\t\t\t\t<div class=\"elementor-element elementor-element-70ab0ee elementor-invisible elementor-widget elementor-widget-text-editor\" data-id=\"70ab0ee\" data-element_type=\"widget\" data-e-type=\"widget\" data-settings=\"{&quot;_animation&quot;:&quot;fadeIn&quot;}\" data-widget_type=\"text-editor.default\">\n\t\t\t\t<div class=\"elementor-widget-container\">\n\t\t\t\t\t\t\t\t\t<p><strong>Initial situation<\/strong><\/p><p>In der COVID-Krise haben die soziale Ungleichheit und gesellschaftliche Inkoh\u00e4renz nachweislich zugenommen. Diese wurden vor allem sichtbar durch negative Kommunikation, Fake News, Desinformation und Cyber-Mobbing. Diese gesellschaftlichen Trends sind auch an den Universit\u00e4ten auf zwei Ebenen zu sp\u00fcren: Zum einen w\u00e4chst mit der zunehmenden Spaltung die Verbitterung. Zum anderen wird der Stil des inneruniversit\u00e4ren Diskurses rauer.<\/p><p><strong>Target groups and their benefits<\/strong><\/p><p>Das Projekt RespectNET richtet sich an Hochschullehrende, die Vorbilder f\u00fcr korrekte, respektvolle und ermutigende Kommunikation sind und sein sollten. Eine solche Kommunikations- und Medienkompetenz soll ein universeller Bestandteil der Kompetenz von Hochschullehrenden sein, da sie Einfluss auf die Studierenden und die Zivilgesellschaft haben. Daher richtet sich das Projekt RespectNET auch an zivilgesellschaftliche Organisationen in der Jugendarbeit und Sozialarbeiter:innen.<\/p><p><strong>Project goal<\/strong><\/p><p>Das Projekt RespektNET hat zum Ziel, einen zeitgem\u00e4\u00dfen Kodex f\u00fcr respektvolle und effektive Kommunikation zu entwickeln, um unterschiedlichen F\u00e4higkeiten, Kommunikationsstile und Erwartungen verschiedener Untergruppen zu ber\u00fccksichtigen. Das Projekt RespectNET f\u00f6rdert Bildungskompetenzen, die sich nicht nur auf den Erwerb von F\u00e4higkeiten beschr\u00e4nkt, sondern auch auf die Entwicklung einer kritischen Struktur, um soziale, wirtschaftliche und kommunikative Zusammenh\u00e4nge zu verstehen.<\/p><p><strong>Role of ISOB<\/strong><\/p><p>ISOB leads the internal quality assurance, coordinates the data collection and analysis of user feedback. ISOB also assists in the dissemination and development of the learning and training materials.<\/p>\t\t\t\t\t\t\t\t<\/div>\n\t\t\t\t<\/div>\n\t\t\t\t\t<\/div>\n\t\t<\/div>\n\t\t\t\t\t<\/div>\n\t\t<\/section>\n\t\t\t\t<section class=\"elementor-section elementor-top-section elementor-element elementor-element-b7da1b8 elementor-section-boxed elementor-section-height-default elementor-section-height-default\" data-id=\"b7da1b8\" data-element_type=\"section\" data-e-type=\"section\">\n\t\t\t\t\t\t<div class=\"elementor-container elementor-column-gap-default\">\n\t\t\t\t\t<div class=\"elementor-column elementor-col-100 elementor-top-column elementor-element elementor-element-3ade5f1\" data-id=\"3ade5f1\" data-element_type=\"column\" data-e-type=\"column\">\n\t\t\t<div class=\"elementor-widget-wrap elementor-element-populated\">\n\t\t\t\t\t\t<div class=\"elementor-element elementor-element-4d1bbd8 elementor-widget-divider--view-line elementor-invisible elementor-widget elementor-widget-divider\" data-id=\"4d1bbd8\" data-element_type=\"widget\" data-e-type=\"widget\" data-settings=\"{&quot;_animation&quot;:&quot;fadeIn&quot;}\" data-widget_type=\"divider.default\">\n\t\t\t\t<div class=\"elementor-widget-container\">\n\t\t\t\t\t\t\t<div class=\"elementor-divider\">\n\t\t\t<span class=\"elementor-divider-separator\">\n\t\t\t\t\t\t<\/span>\n\t\t<\/div>\n\t\t\t\t\t\t<\/div>\n\t\t\t\t<\/div>\n\t\t\t\t\t<\/div>\n\t\t<\/div>\n\t\t\t\t\t<\/div>\n\t\t<\/section>\n\t\t\t\t<section class=\"elementor-section elementor-top-section elementor-element elementor-element-c8076d8 elementor-section-boxed elementor-section-height-default elementor-section-height-default\" data-id=\"c8076d8\" data-element_type=\"section\" data-e-type=\"section\">\n\t\t\t\t\t\t<div class=\"elementor-container elementor-column-gap-default\">\n\t\t\t\t\t<div class=\"elementor-column elementor-col-100 elementor-top-column elementor-element elementor-element-e3851ed\" data-id=\"e3851ed\" data-element_type=\"column\" data-e-type=\"column\">\n\t\t\t<div class=\"elementor-widget-wrap elementor-element-populated\">\n\t\t\t\t\t\t<div class=\"elementor-element elementor-element-f7e48db elementor-invisible elementor-widget elementor-widget-heading\" data-id=\"f7e48db\" data-element_type=\"widget\" data-e-type=\"widget\" data-settings=\"{&quot;_animation&quot;:&quot;fadeIn&quot;}\" data-widget_type=\"heading.default\">\n\t\t\t\t<div class=\"elementor-widget-container\">\n\t\t\t\t\t<h2 class=\"elementor-heading-title elementor-size-medium\">Products and planned publications<\/h2>\t\t\t\t<\/div>\n\t\t\t\t<\/div>\n\t\t\t\t\t<\/div>\n\t\t<\/div>\n\t\t\t\t\t<\/div>\n\t\t<\/section>\n\t\t\t\t<section class=\"elementor-section elementor-top-section elementor-element elementor-element-1510d59 elementor-section-boxed elementor-section-height-default elementor-section-height-default\" data-id=\"1510d59\" data-element_type=\"section\" data-e-type=\"section\">\n\t\t\t\t\t\t<div class=\"elementor-container elementor-column-gap-default\">\n\t\t\t\t\t<div class=\"elementor-column elementor-col-100 elementor-top-column elementor-element elementor-element-e1527db\" data-id=\"e1527db\" data-element_type=\"column\" data-e-type=\"column\">\n\t\t\t<div class=\"elementor-widget-wrap elementor-element-populated\">\n\t\t\t\t\t\t<div class=\"elementor-element elementor-element-03e8d1e elementor-invisible elementor-widget elementor-widget-text-editor\" data-id=\"03e8d1e\" data-element_type=\"widget\" data-e-type=\"widget\" data-settings=\"{&quot;_animation&quot;:&quot;fadeIn&quot;}\" data-widget_type=\"text-editor.default\">\n\t\t\t\t<div class=\"elementor-widget-container\">\n\t\t\t\t\t\t\t\t\t<ul><li>Entwicklung eines Kodex f\u00fcr respektvollen Dialogs in den (sozialen) Meiden f\u00fcr alle Universit\u00e4tsmitglieder<\/li><li>Entwicklung eines multimedialen Aus- und Weiterbildungsprogramms auf Basis einer Matrix der Meiden- und respektvollen Kommunikationskompetenz sowie Implementierung eines transnationalen Lernmanagementsystems<\/li><li>Aufbau eines transnationales Wissenspartnerschaften von Universit\u00e4ten und Zivilgesellschaft f\u00fcr einen respektvollen, gesellschaftlichen Dialog<\/li><\/ul>\t\t\t\t\t\t\t\t<\/div>\n\t\t\t\t<\/div>\n\t\t\t\t\t<\/div>\n\t\t<\/div>\n\t\t\t\t\t<\/div>\n\t\t<\/section>\n\t\t\t\t<section class=\"elementor-section elementor-top-section elementor-element elementor-element-37b71f0 elementor-section-boxed elementor-section-height-default elementor-section-height-default\" data-id=\"37b71f0\" data-element_type=\"section\" data-e-type=\"section\">\n\t\t\t\t\t\t<div class=\"elementor-container elementor-column-gap-default\">\n\t\t\t\t\t<div class=\"elementor-column elementor-col-100 elementor-top-column elementor-element elementor-element-1036d12\" data-id=\"1036d12\" data-element_type=\"column\" data-e-type=\"column\">\n\t\t\t<div class=\"elementor-widget-wrap elementor-element-populated\">\n\t\t\t\t\t\t<div class=\"elementor-element elementor-element-c80b65d elementor-widget-divider--view-line elementor-invisible elementor-widget elementor-widget-divider\" data-id=\"c80b65d\" data-element_type=\"widget\" data-e-type=\"widget\" data-settings=\"{&quot;_animation&quot;:&quot;fadeIn&quot;}\" data-widget_type=\"divider.default\">\n\t\t\t\t<div class=\"elementor-widget-container\">\n\t\t\t\t\t\t\t<div class=\"elementor-divider\">\n\t\t\t<span class=\"elementor-divider-separator\">\n\t\t\t\t\t\t<\/span>\n\t\t<\/div>\n\t\t\t\t\t\t<\/div>\n\t\t\t\t<\/div>\n\t\t\t\t\t<\/div>\n\t\t<\/div>\n\t\t\t\t\t<\/div>\n\t\t<\/section>\n\t\t\t\t<section class=\"elementor-section elementor-top-section elementor-element elementor-element-87a6c71 elementor-section-boxed elementor-section-height-default elementor-section-height-default\" data-id=\"87a6c71\" data-element_type=\"section\" data-e-type=\"section\">\n\t\t\t\t\t\t<div class=\"elementor-container elementor-column-gap-default\">\n\t\t\t\t\t<div class=\"elementor-column elementor-col-100 elementor-top-column elementor-element elementor-element-4f9ca21\" data-id=\"4f9ca21\" data-element_type=\"column\" data-e-type=\"column\">\n\t\t\t<div class=\"elementor-widget-wrap elementor-element-populated\">\n\t\t\t\t\t\t<div class=\"elementor-element elementor-element-543a753 elementor-invisible elementor-widget elementor-widget-heading\" data-id=\"543a753\" data-element_type=\"widget\" data-e-type=\"widget\" data-settings=\"{&quot;_animation&quot;:&quot;fadeIn&quot;}\" data-widget_type=\"heading.default\">\n\t\t\t\t<div class=\"elementor-widget-container\">\n\t\t\t\t\t<h2 class=\"elementor-heading-title elementor-size-medium\">Partnerships<\/h2>\t\t\t\t<\/div>\n\t\t\t\t<\/div>\n\t\t\t\t\t<\/div>\n\t\t<\/div>\n\t\t\t\t\t<\/div>\n\t\t<\/section>\n\t\t\t\t<section class=\"elementor-section elementor-top-section elementor-element elementor-element-8a9e2cb elementor-section-boxed elementor-section-height-default elementor-section-height-default\" data-id=\"8a9e2cb\" data-element_type=\"section\" data-e-type=\"section\">\n\t\t\t\t\t\t<div class=\"elementor-container elementor-column-gap-default\">\n\t\t\t\t\t<div class=\"elementor-column elementor-col-100 elementor-top-column elementor-element elementor-element-1aa9942\" data-id=\"1aa9942\" data-element_type=\"column\" data-e-type=\"column\">\n\t\t\t<div class=\"elementor-widget-wrap elementor-element-populated\">\n\t\t\t\t\t\t<div class=\"elementor-element elementor-element-bf1a6c5 elementor-invisible elementor-widget elementor-widget-text-editor\" data-id=\"bf1a6c5\" data-element_type=\"widget\" data-e-type=\"widget\" data-settings=\"{&quot;_animation&quot;:&quot;fadeIn&quot;}\" data-widget_type=\"text-editor.default\">\n\t\t\t\t<div class=\"elementor-widget-container\">\n\t\t\t\t\t\t\t\t\t<p><strong>Partners<\/strong><\/p><ul><li>Italien: Universita Telematica Pegaso<\/li><li>Rum\u00e4nien: Universitatea Politehnica Timisoara<\/li><li>Slovenien: Mednarodna fakulteta za dru\u017ebene in poslovne \u0161tudije<\/li><li>Germany: Institut f\u00fcr sozialwissenschaftliche Beratung GmbH<\/li><\/ul>\t\t\t\t\t\t\t\t<\/div>\n\t\t\t\t<\/div>\n\t\t\t\t\t<\/div>\n\t\t<\/div>\n\t\t\t\t\t<\/div>\n\t\t<\/section>\n\t\t\t\t<section class=\"elementor-section elementor-top-section elementor-element elementor-element-9256860 elementor-section-boxed elementor-section-height-default elementor-section-height-default\" data-id=\"9256860\" data-element_type=\"section\" data-e-type=\"section\">\n\t\t\t\t\t\t<div class=\"elementor-container elementor-column-gap-default\">\n\t\t\t\t\t<div class=\"elementor-column elementor-col-100 elementor-top-column elementor-element elementor-element-684df9a\" data-id=\"684df9a\" data-element_type=\"column\" data-e-type=\"column\">\n\t\t\t<div class=\"elementor-widget-wrap elementor-element-populated\">\n\t\t\t\t\t\t<div class=\"elementor-element elementor-element-a66c50b elementor-widget elementor-widget-spacer\" data-id=\"a66c50b\" data-element_type=\"widget\" data-e-type=\"widget\" data-widget_type=\"spacer.default\">\n\t\t\t\t<div class=\"elementor-widget-container\">\n\t\t\t\t\t\t\t<div class=\"elementor-spacer\">\n\t\t\t<div class=\"elementor-spacer-inner\"><\/div>\n\t\t<\/div>\n\t\t\t\t\t\t<\/div>\n\t\t\t\t<\/div>\n\t\t\t\t<div class=\"elementor-element elementor-element-be10cae elementor-invisible elementor-widget elementor-widget-text-editor\" data-id=\"be10cae\" data-element_type=\"widget\" data-e-type=\"widget\" data-settings=\"{&quot;_animation&quot;:&quot;fadeIn&quot;}\" data-widget_type=\"text-editor.default\">\n\t\t\t\t<div class=\"elementor-widget-container\">\n\t\t\t\t\t\t\t\t\tWe will be happy to provide you with the project results on request. For further information, please contact our <span style=\"color: #28467d; font-size: 14pt;\"><span style=\"color: #5a78af;\"><a style=\"color: #01509f;\" href=\"https:\/\/isob-regensburg.net\/en\/team\/\">Team<\/a><\/span><\/span>.\t\t\t\t\t\t\t\t<\/div>\n\t\t\t\t<\/div>\n\t\t\t\t\t<\/div>\n\t\t<\/div>\n\t\t\t\t\t<\/div>\n\t\t<\/section>\n\t\t\t\t<\/div>","protected":false},"excerpt":{"rendered":"<p>Respektvolle Kommunikation durch Medienerziehungsnetzwerk (RespectNET) F\u00f6rderinformationen Projektdauer: 01.11.2021 &#8211; 01.07.2024 Projektkennziffer: KA220-HED-575D05B8 F\u00f6rderrichtlinie:KA220-HED &#8211; Cooperation partnerships in higher education Projektkonzept Ausgangslage In der COVID-Krise haben die soziale Ungleichheit und gesellschaftliche Inkoh\u00e4renz nachweislich zugenommen. Diese wurden vor allem sichtbar durch negative Kommunikation, Fake News, Desinformation und Cyber-Mobbing. Diese gesellschaftlichen Trends sind auch an den Universit\u00e4ten auf zwei Ebenen zu sp\u00fcren: Zum einen w\u00e4chst mit der zunehmenden Spaltung die Verbitterung. Zum anderen wird der Stil des inneruniversit\u00e4ren Diskurses rauer. Zielgruppen und deren Nutzen Das Projekt RespectNET richtet sich an Hochschullehrende, die Vorbilder f\u00fcr korrekte, respektvolle und ermutigende Kommunikation sind und sein sollten. Eine solche Kommunikations- und Medienkompetenz soll ein universeller Bestandteil der Kompetenz von Hochschullehrenden sein, da sie Einfluss auf die Studierenden und die Zivilgesellschaft haben. Daher richtet sich das Projekt RespectNET auch an zivilgesellschaftliche Organisationen in der Jugendarbeit und Sozialarbeiter:innen. Projektziel Das Projekt RespektNET hat zum Ziel, einen zeitgem\u00e4\u00dfen Kodex f\u00fcr<\/p>","protected":false},"author":1,"featured_media":0,"parent":0,"menu_order":0,"comment_status":"closed","ping_status":"closed","template":"","meta":{"footnotes":""},"class_list":["post-7649","page","type-page","status-publish"],"_links":{"self":[{"href":"https:\/\/isob-regensburg.net\/en\/wp-json\/wp\/v2\/pages\/7649","targetHints":{"allow":["GET"]}}],"collection":[{"href":"https:\/\/isob-regensburg.net\/en\/wp-json\/wp\/v2\/pages"}],"about":[{"href":"https:\/\/isob-regensburg.net\/en\/wp-json\/wp\/v2\/types\/page"}],"author":[{"embeddable":true,"href":"https:\/\/isob-regensburg.net\/en\/wp-json\/wp\/v2\/users\/1"}],"replies":[{"embeddable":true,"href":"https:\/\/isob-regensburg.net\/en\/wp-json\/wp\/v2\/comments?post=7649"}],"version-history":[{"count":10,"href":"https:\/\/isob-regensburg.net\/en\/wp-json\/wp\/v2\/pages\/7649\/revisions"}],"predecessor-version":[{"id":7712,"href":"https:\/\/isob-regensburg.net\/en\/wp-json\/wp\/v2\/pages\/7649\/revisions\/7712"}],"wp:attachment":[{"href":"https:\/\/isob-regensburg.net\/en\/wp-json\/wp\/v2\/media?parent=7649"}],"curies":[{"name":"wp","href":"https:\/\/api.w.org\/{rel}","templated":true}]}}