{"id":3835,"date":"2021-08-16T10:28:30","date_gmt":"2021-08-16T10:28:30","guid":{"rendered":"https:\/\/isob-regensburg.net\/?page_id=3835"},"modified":"2021-11-30T11:37:26","modified_gmt":"2021-11-30T11:37:26","slug":"projekt-young-leaders","status":"publish","type":"page","link":"https:\/\/isob-regensburg.net\/en\/projekt-young-leaders\/","title":{"rendered":"Projekt Young Leaders"},"content":{"rendered":"<div data-elementor-type=\"wp-page\" data-elementor-id=\"3835\" class=\"elementor elementor-3835\">\n\t\t\t\t\t\t<section class=\"elementor-section elementor-top-section elementor-element elementor-element-551d2e5 elementor-section-boxed elementor-section-height-default elementor-section-height-default\" data-id=\"551d2e5\" data-element_type=\"section\" data-e-type=\"section\">\n\t\t\t\t\t\t<div class=\"elementor-container elementor-column-gap-default\">\n\t\t\t\t\t<div class=\"elementor-column elementor-col-50 elementor-top-column elementor-element elementor-element-476c208\" data-id=\"476c208\" data-element_type=\"column\" data-e-type=\"column\">\n\t\t\t<div class=\"elementor-widget-wrap elementor-element-populated\">\n\t\t\t\t\t\t<div class=\"elementor-element elementor-element-3db6525 elementor-widget elementor-widget-image\" data-id=\"3db6525\" data-element_type=\"widget\" data-e-type=\"widget\" data-widget_type=\"image.default\">\n\t\t\t\t<div class=\"elementor-widget-container\">\n\t\t\t\t\t\t\t\t\t\t\t\t\t\t\t<img fetchpriority=\"high\" decoding=\"async\" width=\"300\" height=\"169\" src=\"https:\/\/isob-regensburg.net\/wp-content\/uploads\/2021\/08\/YoungLeaders-300x169.jpg\" class=\"attachment-medium size-medium wp-image-3884\" alt=\"\" srcset=\"https:\/\/isob-regensburg.net\/wp-content\/uploads\/2021\/08\/YoungLeaders-300x169.jpg 300w, https:\/\/isob-regensburg.net\/wp-content\/uploads\/2021\/08\/YoungLeaders.jpg 640w\" sizes=\"(max-width: 300px) 100vw, 300px\" \/>\t\t\t\t\t\t\t\t\t\t\t\t\t\t\t<\/div>\n\t\t\t\t<\/div>\n\t\t\t\t\t<\/div>\n\t\t<\/div>\n\t\t\t\t<div class=\"elementor-column elementor-col-50 elementor-top-column elementor-element elementor-element-801815f\" data-id=\"801815f\" data-element_type=\"column\" data-e-type=\"column\">\n\t\t\t<div class=\"elementor-widget-wrap elementor-element-populated\">\n\t\t\t\t\t\t<div class=\"elementor-element elementor-element-1981c34 elementor-widget elementor-widget-heading\" data-id=\"1981c34\" data-element_type=\"widget\" data-e-type=\"widget\" data-widget_type=\"heading.default\">\n\t\t\t\t<div class=\"elementor-widget-container\">\n\t\t\t\t\t<h3 class=\"elementor-heading-title elementor-size-default\">Strengthening the leadership skills of young managers in times of crisis: An innovative training package for junior managers in Europe (Young Leaders)<\/h3>\t\t\t\t<\/div>\n\t\t\t\t<\/div>\n\t\t\t\t<section class=\"elementor-section elementor-inner-section elementor-element elementor-element-74e113a elementor-section-boxed elementor-section-height-default elementor-section-height-default\" data-id=\"74e113a\" data-element_type=\"section\" data-e-type=\"section\">\n\t\t\t\t\t\t<div class=\"elementor-container elementor-column-gap-default\">\n\t\t\t\t\t<div class=\"elementor-column elementor-col-25 elementor-inner-column elementor-element elementor-element-119b3fe\" data-id=\"119b3fe\" data-element_type=\"column\" data-e-type=\"column\">\n\t\t\t<div class=\"elementor-widget-wrap elementor-element-populated\">\n\t\t\t\t\t\t<div class=\"elementor-element elementor-element-20d9d68 elementor-view-stacked elementor-shape-circle elementor-widget elementor-widget-icon\" data-id=\"20d9d68\" data-element_type=\"widget\" data-e-type=\"widget\" data-widget_type=\"icon.default\">\n\t\t\t\t<div class=\"elementor-widget-container\">\n\t\t\t\t\t\t\t<div class=\"elementor-icon-wrapper\">\n\t\t\t<div class=\"elementor-icon\">\n\t\t\t<i aria-hidden=\"true\" class=\"fas fa-book-reader\"><\/i>\t\t\t<\/div>\n\t\t<\/div>\n\t\t\t\t\t\t<\/div>\n\t\t\t\t<\/div>\n\t\t\t\t\t<\/div>\n\t\t<\/div>\n\t\t\t\t<div class=\"elementor-column elementor-col-25 elementor-inner-column elementor-element elementor-element-b200570\" data-id=\"b200570\" data-element_type=\"column\" data-e-type=\"column\">\n\t\t\t<div class=\"elementor-widget-wrap\">\n\t\t\t\t\t\t\t<\/div>\n\t\t<\/div>\n\t\t\t\t<div class=\"elementor-column elementor-col-25 elementor-inner-column elementor-element elementor-element-87104cb\" data-id=\"87104cb\" data-element_type=\"column\" data-e-type=\"column\">\n\t\t\t<div class=\"elementor-widget-wrap\">\n\t\t\t\t\t\t\t<\/div>\n\t\t<\/div>\n\t\t\t\t<div class=\"elementor-column elementor-col-25 elementor-inner-column elementor-element elementor-element-0a930bc\" data-id=\"0a930bc\" data-element_type=\"column\" data-e-type=\"column\">\n\t\t\t<div class=\"elementor-widget-wrap\">\n\t\t\t\t\t\t\t<\/div>\n\t\t<\/div>\n\t\t\t\t\t<\/div>\n\t\t<\/section>\n\t\t\t\t\t<\/div>\n\t\t<\/div>\n\t\t\t\t\t<\/div>\n\t\t<\/section>\n\t\t\t\t<section class=\"elementor-section elementor-top-section elementor-element elementor-element-0549744 elementor-section-boxed elementor-section-height-default elementor-section-height-default\" data-id=\"0549744\" data-element_type=\"section\" data-e-type=\"section\">\n\t\t\t\t\t\t<div class=\"elementor-container elementor-column-gap-default\">\n\t\t\t\t\t<div class=\"elementor-column elementor-col-100 elementor-top-column elementor-element elementor-element-ad14c73\" data-id=\"ad14c73\" data-element_type=\"column\" data-e-type=\"column\">\n\t\t\t<div class=\"elementor-widget-wrap elementor-element-populated\">\n\t\t\t\t\t\t<div class=\"elementor-element elementor-element-0094155 elementor-widget-divider--view-line elementor-invisible elementor-widget elementor-widget-divider\" data-id=\"0094155\" data-element_type=\"widget\" data-e-type=\"widget\" data-settings=\"{&quot;_animation&quot;:&quot;fadeIn&quot;}\" data-widget_type=\"divider.default\">\n\t\t\t\t<div class=\"elementor-widget-container\">\n\t\t\t\t\t\t\t<div class=\"elementor-divider\">\n\t\t\t<span class=\"elementor-divider-separator\">\n\t\t\t\t\t\t<\/span>\n\t\t<\/div>\n\t\t\t\t\t\t<\/div>\n\t\t\t\t<\/div>\n\t\t\t\t\t<\/div>\n\t\t<\/div>\n\t\t\t\t\t<\/div>\n\t\t<\/section>\n\t\t\t\t<section class=\"elementor-section elementor-top-section elementor-element elementor-element-c3cc9d9 elementor-section-boxed elementor-section-height-default elementor-section-height-default\" data-id=\"c3cc9d9\" data-element_type=\"section\" data-e-type=\"section\">\n\t\t\t\t\t\t<div class=\"elementor-container elementor-column-gap-default\">\n\t\t\t\t\t<div class=\"elementor-column elementor-col-50 elementor-top-column elementor-element elementor-element-b43034f\" data-id=\"b43034f\" data-element_type=\"column\" data-e-type=\"column\">\n\t\t\t<div class=\"elementor-widget-wrap elementor-element-populated\">\n\t\t\t\t\t\t<div class=\"elementor-element elementor-element-3eec7a9 elementor-invisible elementor-widget elementor-widget-heading\" data-id=\"3eec7a9\" data-element_type=\"widget\" data-e-type=\"widget\" data-settings=\"{&quot;_animation&quot;:&quot;fadeIn&quot;}\" data-widget_type=\"heading.default\">\n\t\t\t\t<div class=\"elementor-widget-container\">\n\t\t\t\t\t<h2 class=\"elementor-heading-title elementor-size-medium\">Funding information<\/h2>\t\t\t\t<\/div>\n\t\t\t\t<\/div>\n\t\t\t\t<div class=\"elementor-element elementor-element-c762729 elementor-invisible elementor-widget elementor-widget-image\" data-id=\"c762729\" data-element_type=\"widget\" data-e-type=\"widget\" data-settings=\"{&quot;_animation&quot;:&quot;fadeIn&quot;}\" data-widget_type=\"image.default\">\n\t\t\t\t<div class=\"elementor-widget-container\">\n\t\t\t\t\t\t\t\t\t\t\t\t\t\t\t<img decoding=\"async\" width=\"300\" height=\"80\" src=\"https:\/\/isob-regensburg.net\/wp-content\/uploads\/2021\/08\/LeonardodaVinci-1-300x80.jpg\" class=\"attachment-medium size-medium wp-image-4037\" alt=\"\" srcset=\"https:\/\/isob-regensburg.net\/wp-content\/uploads\/2021\/08\/LeonardodaVinci-1-300x80.jpg 300w, https:\/\/isob-regensburg.net\/wp-content\/uploads\/2021\/08\/LeonardodaVinci-1-768x205.jpg 768w, https:\/\/isob-regensburg.net\/wp-content\/uploads\/2021\/08\/LeonardodaVinci-1.jpg 783w\" sizes=\"(max-width: 300px) 100vw, 300px\" \/>\t\t\t\t\t\t\t\t\t\t\t\t\t\t\t<\/div>\n\t\t\t\t<\/div>\n\t\t\t\t\t<\/div>\n\t\t<\/div>\n\t\t\t\t<div class=\"elementor-column elementor-col-50 elementor-top-column elementor-element elementor-element-3bdf54f\" data-id=\"3bdf54f\" data-element_type=\"column\" data-e-type=\"column\">\n\t\t\t<div class=\"elementor-widget-wrap elementor-element-populated\">\n\t\t\t\t\t\t<div class=\"elementor-element elementor-element-5f598ea elementor-invisible elementor-widget elementor-widget-text-editor\" data-id=\"5f598ea\" data-element_type=\"widget\" data-e-type=\"widget\" data-settings=\"{&quot;_animation&quot;:&quot;fadeIn&quot;}\" data-widget_type=\"text-editor.default\">\n\t\t\t\t<div class=\"elementor-widget-container\">\n\t\t\t\t\t\t\t\t\t<p><strong>Project duration: <span style=\"font-weight: 400;\">10\/2012 &#8211; 09\/2014<\/span><\/strong><\/p><p><strong>Project code number: <span style=\"font-weight: 400;\">LLP-LdV-Tol-12-CY-1671210<\/span><\/strong><\/p><p><strong>Funding guideline: <span style=\"font-weight: 400;\">Leonardo da Vinci Innovation Transfer Programme <\/span><\/strong><\/p>\t\t\t\t\t\t\t\t<\/div>\n\t\t\t\t<\/div>\n\t\t\t\t\t<\/div>\n\t\t<\/div>\n\t\t\t\t\t<\/div>\n\t\t<\/section>\n\t\t\t\t<section class=\"elementor-section elementor-top-section elementor-element elementor-element-d94f381 elementor-section-boxed elementor-section-height-default elementor-section-height-default\" data-id=\"d94f381\" data-element_type=\"section\" data-e-type=\"section\">\n\t\t\t\t\t\t<div class=\"elementor-container elementor-column-gap-default\">\n\t\t\t\t\t<div class=\"elementor-column elementor-col-100 elementor-top-column elementor-element elementor-element-2c3b1ed\" data-id=\"2c3b1ed\" data-element_type=\"column\" data-e-type=\"column\">\n\t\t\t<div class=\"elementor-widget-wrap elementor-element-populated\">\n\t\t\t\t\t\t<div class=\"elementor-element elementor-element-aa0186b elementor-widget-divider--view-line elementor-invisible elementor-widget elementor-widget-divider\" data-id=\"aa0186b\" data-element_type=\"widget\" data-e-type=\"widget\" data-settings=\"{&quot;_animation&quot;:&quot;fadeIn&quot;}\" data-widget_type=\"divider.default\">\n\t\t\t\t<div class=\"elementor-widget-container\">\n\t\t\t\t\t\t\t<div class=\"elementor-divider\">\n\t\t\t<span class=\"elementor-divider-separator\">\n\t\t\t\t\t\t<\/span>\n\t\t<\/div>\n\t\t\t\t\t\t<\/div>\n\t\t\t\t<\/div>\n\t\t\t\t\t<\/div>\n\t\t<\/div>\n\t\t\t\t\t<\/div>\n\t\t<\/section>\n\t\t\t\t<section class=\"elementor-section elementor-top-section elementor-element elementor-element-68cd532 elementor-section-boxed elementor-section-height-default elementor-section-height-default\" data-id=\"68cd532\" data-element_type=\"section\" data-e-type=\"section\">\n\t\t\t\t\t\t<div class=\"elementor-container elementor-column-gap-default\">\n\t\t\t\t\t<div class=\"elementor-column elementor-col-100 elementor-top-column elementor-element elementor-element-68f25ee\" data-id=\"68f25ee\" data-element_type=\"column\" data-e-type=\"column\">\n\t\t\t<div class=\"elementor-widget-wrap elementor-element-populated\">\n\t\t\t\t\t\t<div class=\"elementor-element elementor-element-d77577a elementor-invisible elementor-widget elementor-widget-heading\" data-id=\"d77577a\" data-element_type=\"widget\" data-e-type=\"widget\" data-settings=\"{&quot;_animation&quot;:&quot;fadeIn&quot;}\" data-widget_type=\"heading.default\">\n\t\t\t\t<div class=\"elementor-widget-container\">\n\t\t\t\t\t<h2 class=\"elementor-heading-title elementor-size-medium\">Project concept<\/h2>\t\t\t\t<\/div>\n\t\t\t\t<\/div>\n\t\t\t\t\t<\/div>\n\t\t<\/div>\n\t\t\t\t\t<\/div>\n\t\t<\/section>\n\t\t\t\t<section class=\"elementor-section elementor-top-section elementor-element elementor-element-9f578ea elementor-section-boxed elementor-section-height-default elementor-section-height-default\" data-id=\"9f578ea\" data-element_type=\"section\" data-e-type=\"section\">\n\t\t\t\t\t\t<div class=\"elementor-container elementor-column-gap-default\">\n\t\t\t\t\t<div class=\"elementor-column elementor-col-100 elementor-top-column elementor-element elementor-element-17beb4c\" data-id=\"17beb4c\" data-element_type=\"column\" data-e-type=\"column\">\n\t\t\t<div class=\"elementor-widget-wrap elementor-element-populated\">\n\t\t\t\t\t\t<div class=\"elementor-element elementor-element-195b172 elementor-invisible elementor-widget elementor-widget-text-editor\" data-id=\"195b172\" data-element_type=\"widget\" data-e-type=\"widget\" data-settings=\"{&quot;_animation&quot;:&quot;fadeIn&quot;}\" data-widget_type=\"text-editor.default\">\n\t\t\t\t<div class=\"elementor-widget-container\">\n\t\t\t\t\t\t\t\t\t<p><strong>Initial situation<\/strong><\/p><p><span style=\"font-weight: 400;\">Changes in the world of work are becoming increasingly unpredictable and complex. In order for prospective managers to successfully enter the current dynamic business world, European universities and educational service providers must adapt their leadership development offerings accordingly.<\/span><\/p><p><strong>Target groups and their benefits<\/strong><\/p><p><span style=\"font-weight: 400;\">The Young Leaders project was aimed at young managers and university graduates with less than 5 years of professional experience who aspired to a higher management position or wanted to start their own business. They receive a tailor-made qualification offer to strengthen their competences as entrepreneurs and managers.<\/span><\/p><p><strong>Project goal<\/strong><\/p><p><span style=\"font-weight: 400;\">The Young Leaders project aims to identify the relevant competences and qualifications for young leaders and make them available to European universities and training providers. They can expand their offer and strengthen the economic power in the country. <\/span><\/p><p><strong>Role of ISOB<\/strong><\/p><p><span style=\"font-weight: 400;\">In the Young Leaders project, ISOB carries out the accompanying scientific research, supervises the self-evaluation of the project and is responsible for the quality assurance of the content. <\/span><\/p>\t\t\t\t\t\t\t\t<\/div>\n\t\t\t\t<\/div>\n\t\t\t\t\t<\/div>\n\t\t<\/div>\n\t\t\t\t\t<\/div>\n\t\t<\/section>\n\t\t\t\t<section class=\"elementor-section elementor-top-section elementor-element elementor-element-769979d elementor-section-boxed elementor-section-height-default elementor-section-height-default\" data-id=\"769979d\" data-element_type=\"section\" data-e-type=\"section\">\n\t\t\t\t\t\t<div class=\"elementor-container elementor-column-gap-default\">\n\t\t\t\t\t<div class=\"elementor-column elementor-col-100 elementor-top-column elementor-element elementor-element-688f453\" data-id=\"688f453\" data-element_type=\"column\" data-e-type=\"column\">\n\t\t\t<div class=\"elementor-widget-wrap elementor-element-populated\">\n\t\t\t\t\t\t<div class=\"elementor-element elementor-element-065dc23 elementor-widget-divider--view-line elementor-invisible elementor-widget elementor-widget-divider\" data-id=\"065dc23\" data-element_type=\"widget\" data-e-type=\"widget\" data-settings=\"{&quot;_animation&quot;:&quot;fadeIn&quot;}\" data-widget_type=\"divider.default\">\n\t\t\t\t<div class=\"elementor-widget-container\">\n\t\t\t\t\t\t\t<div class=\"elementor-divider\">\n\t\t\t<span class=\"elementor-divider-separator\">\n\t\t\t\t\t\t<\/span>\n\t\t<\/div>\n\t\t\t\t\t\t<\/div>\n\t\t\t\t<\/div>\n\t\t\t\t\t<\/div>\n\t\t<\/div>\n\t\t\t\t\t<\/div>\n\t\t<\/section>\n\t\t\t\t<section class=\"elementor-section elementor-top-section elementor-element elementor-element-3b4854f elementor-section-boxed elementor-section-height-default elementor-section-height-default\" data-id=\"3b4854f\" data-element_type=\"section\" data-e-type=\"section\">\n\t\t\t\t\t\t<div class=\"elementor-container elementor-column-gap-default\">\n\t\t\t\t\t<div class=\"elementor-column elementor-col-100 elementor-top-column elementor-element elementor-element-9a321fc\" data-id=\"9a321fc\" data-element_type=\"column\" data-e-type=\"column\">\n\t\t\t<div class=\"elementor-widget-wrap elementor-element-populated\">\n\t\t\t\t\t\t<div class=\"elementor-element elementor-element-53de73e elementor-invisible elementor-widget elementor-widget-heading\" data-id=\"53de73e\" data-element_type=\"widget\" data-e-type=\"widget\" data-settings=\"{&quot;_animation&quot;:&quot;fadeIn&quot;}\" data-widget_type=\"heading.default\">\n\t\t\t\t<div class=\"elementor-widget-container\">\n\t\t\t\t\t<h2 class=\"elementor-heading-title elementor-size-medium\">Products and publications<\/h2>\t\t\t\t<\/div>\n\t\t\t\t<\/div>\n\t\t\t\t\t<\/div>\n\t\t<\/div>\n\t\t\t\t\t<\/div>\n\t\t<\/section>\n\t\t\t\t<section class=\"elementor-section elementor-top-section elementor-element elementor-element-0a4dc24 elementor-section-boxed elementor-section-height-default elementor-section-height-default\" data-id=\"0a4dc24\" data-element_type=\"section\" data-e-type=\"section\">\n\t\t\t\t\t\t<div class=\"elementor-container elementor-column-gap-default\">\n\t\t\t\t\t<div class=\"elementor-column elementor-col-100 elementor-top-column elementor-element elementor-element-a67e41a\" data-id=\"a67e41a\" data-element_type=\"column\" data-e-type=\"column\">\n\t\t\t<div class=\"elementor-widget-wrap elementor-element-populated\">\n\t\t\t\t\t\t<div class=\"elementor-element elementor-element-719cf5b elementor-invisible elementor-widget elementor-widget-text-editor\" data-id=\"719cf5b\" data-element_type=\"widget\" data-e-type=\"widget\" data-settings=\"{&quot;_animation&quot;:&quot;fadeIn&quot;}\" data-widget_type=\"text-editor.default\">\n\t\t\t\t<div class=\"elementor-widget-container\">\n\t\t\t\t\t\t\t\t\t<ul><li><span style=\"font-weight: 400;\">Needs analysis in the partner countries (need and development status of soft skills among young managers)<\/span><\/li><li style=\"font-weight: 400;\" aria-level=\"1\"><span style=\"font-weight: 400;\">Development of a comprehensive training programme including outdoor and creative training methods<\/span><\/li><\/ul>\t\t\t\t\t\t\t\t<\/div>\n\t\t\t\t<\/div>\n\t\t\t\t\t<\/div>\n\t\t<\/div>\n\t\t\t\t\t<\/div>\n\t\t<\/section>\n\t\t\t\t<section class=\"elementor-section elementor-top-section elementor-element elementor-element-95f81f6 elementor-section-boxed elementor-section-height-default elementor-section-height-default\" data-id=\"95f81f6\" data-element_type=\"section\" data-e-type=\"section\">\n\t\t\t\t\t\t<div class=\"elementor-container elementor-column-gap-default\">\n\t\t\t\t\t<div class=\"elementor-column elementor-col-100 elementor-top-column elementor-element elementor-element-a2e1dcc\" data-id=\"a2e1dcc\" data-element_type=\"column\" data-e-type=\"column\">\n\t\t\t<div class=\"elementor-widget-wrap elementor-element-populated\">\n\t\t\t\t\t\t<div class=\"elementor-element elementor-element-1765f84 elementor-widget-divider--view-line elementor-invisible elementor-widget elementor-widget-divider\" data-id=\"1765f84\" data-element_type=\"widget\" data-e-type=\"widget\" data-settings=\"{&quot;_animation&quot;:&quot;fadeIn&quot;}\" data-widget_type=\"divider.default\">\n\t\t\t\t<div class=\"elementor-widget-container\">\n\t\t\t\t\t\t\t<div class=\"elementor-divider\">\n\t\t\t<span class=\"elementor-divider-separator\">\n\t\t\t\t\t\t<\/span>\n\t\t<\/div>\n\t\t\t\t\t\t<\/div>\n\t\t\t\t<\/div>\n\t\t\t\t\t<\/div>\n\t\t<\/div>\n\t\t\t\t\t<\/div>\n\t\t<\/section>\n\t\t\t\t<section class=\"elementor-section elementor-top-section elementor-element elementor-element-53526ed elementor-section-boxed elementor-section-height-default elementor-section-height-default\" data-id=\"53526ed\" data-element_type=\"section\" data-e-type=\"section\">\n\t\t\t\t\t\t<div class=\"elementor-container elementor-column-gap-default\">\n\t\t\t\t\t<div class=\"elementor-column elementor-col-100 elementor-top-column elementor-element elementor-element-f484971\" data-id=\"f484971\" data-element_type=\"column\" data-e-type=\"column\">\n\t\t\t<div class=\"elementor-widget-wrap elementor-element-populated\">\n\t\t\t\t\t\t<div class=\"elementor-element elementor-element-44aef1c elementor-invisible elementor-widget elementor-widget-heading\" data-id=\"44aef1c\" data-element_type=\"widget\" data-e-type=\"widget\" data-settings=\"{&quot;_animation&quot;:&quot;fadeIn&quot;}\" data-widget_type=\"heading.default\">\n\t\t\t\t<div class=\"elementor-widget-container\">\n\t\t\t\t\t<h2 class=\"elementor-heading-title elementor-size-medium\">Partnerships<\/h2>\t\t\t\t<\/div>\n\t\t\t\t<\/div>\n\t\t\t\t\t<\/div>\n\t\t<\/div>\n\t\t\t\t\t<\/div>\n\t\t<\/section>\n\t\t\t\t<section class=\"elementor-section elementor-top-section elementor-element elementor-element-28514c9 elementor-section-boxed elementor-section-height-default elementor-section-height-default\" data-id=\"28514c9\" data-element_type=\"section\" data-e-type=\"section\">\n\t\t\t\t\t\t<div class=\"elementor-container elementor-column-gap-default\">\n\t\t\t\t\t<div class=\"elementor-column elementor-col-100 elementor-top-column elementor-element elementor-element-cd7afd8\" data-id=\"cd7afd8\" data-element_type=\"column\" data-e-type=\"column\">\n\t\t\t<div class=\"elementor-widget-wrap elementor-element-populated\">\n\t\t\t\t\t\t<div class=\"elementor-element elementor-element-59a8cb7 elementor-invisible elementor-widget elementor-widget-text-editor\" data-id=\"59a8cb7\" data-element_type=\"widget\" data-e-type=\"widget\" data-settings=\"{&quot;_animation&quot;:&quot;fadeIn&quot;}\" data-widget_type=\"text-editor.default\">\n\t\t\t\t<div class=\"elementor-widget-container\">\n\t\t\t\t\t\t\t\t\t<p><strong>Partners<\/strong><\/p><ul><li><span style=\"font-weight: 400;\">Cyprus (project coordination): GrantXpert Consulting Ltd\u00a0<\/span><\/li><li><span style=\"font-weight: 400;\">Cyprus: Dias Publishing Group<\/span><\/li><li><span style=\"font-weight: 400;\">Lithuania: Kaunas Technical University<\/span><\/li><li><span style=\"font-weight: 400;\">Bulgaria: National Association for Small and Medium Enterprises (NASMB)<\/span><\/li><li><span style=\"font-weight: 400;\">Greece: University of Panteion; Department of Communication, Media and Culture\u00a0<\/span><\/li><li><span style=\"font-weight: 400;\">Latvia: Riga University of Technology (RTU FEEM)<\/span><\/li><li>Germany: Institut f\u00fcr sozialwissenschaftliche Beratung GmbH<\/li><\/ul>\t\t\t\t\t\t\t\t<\/div>\n\t\t\t\t<\/div>\n\t\t\t\t\t<\/div>\n\t\t<\/div>\n\t\t\t\t\t<\/div>\n\t\t<\/section>\n\t\t\t\t<section class=\"elementor-section elementor-top-section elementor-element elementor-element-8037a7e elementor-section-boxed elementor-section-height-default elementor-section-height-default\" data-id=\"8037a7e\" data-element_type=\"section\" data-e-type=\"section\">\n\t\t\t\t\t\t<div class=\"elementor-container elementor-column-gap-default\">\n\t\t\t\t\t<div class=\"elementor-column elementor-col-100 elementor-top-column elementor-element elementor-element-7f35bbf\" data-id=\"7f35bbf\" data-element_type=\"column\" data-e-type=\"column\">\n\t\t\t<div class=\"elementor-widget-wrap elementor-element-populated\">\n\t\t\t\t\t\t<div class=\"elementor-element elementor-element-64fe233 elementor-widget elementor-widget-spacer\" data-id=\"64fe233\" data-element_type=\"widget\" data-e-type=\"widget\" data-widget_type=\"spacer.default\">\n\t\t\t\t<div class=\"elementor-widget-container\">\n\t\t\t\t\t\t\t<div class=\"elementor-spacer\">\n\t\t\t<div class=\"elementor-spacer-inner\"><\/div>\n\t\t<\/div>\n\t\t\t\t\t\t<\/div>\n\t\t\t\t<\/div>\n\t\t\t\t<div class=\"elementor-element elementor-element-f49aa5d elementor-invisible elementor-widget elementor-widget-text-editor\" data-id=\"f49aa5d\" data-element_type=\"widget\" data-e-type=\"widget\" data-settings=\"{&quot;_animation&quot;:&quot;fadeIn&quot;}\" data-widget_type=\"text-editor.default\">\n\t\t\t\t<div class=\"elementor-widget-container\">\n\t\t\t\t\t\t\t\t\t<p>The project was successfully completed and positively evaluated.<\/p><p>We will be happy to provide you with the project results on request. For further information, please contact our <span style=\"color: #28467d; font-size: 14pt;\"><span style=\"color: #5a78af;\"><a style=\"color: #01509f;\" href=\"https:\/\/isob-regensburg.net\/en\/team\/\">Team<\/a><\/span><\/span>.<\/p>\t\t\t\t\t\t\t\t<\/div>\n\t\t\t\t<\/div>\n\t\t\t\t\t<\/div>\n\t\t<\/div>\n\t\t\t\t\t<\/div>\n\t\t<\/section>\n\t\t\t\t<\/div>","protected":false},"excerpt":{"rendered":"<p>Die F\u00fchrungskompetenz junger Manager in Zeiten der Krise st\u00e4rken: Ein innovatives Trainingspaket f\u00fcr Nachwuchskr\u00e4fte in Europa (Young Leaders) F\u00f6rderinformationen Projektdauer: 10\/2012 &#8211; 09\/2014 Projektkennziffer: LLP-LdV-Tol-12-CY-1671210 F\u00f6rderrichtlinie: Innovationstransferprogramm von Leonardo da Vinci Projektkonzept Ausgangslage Die Ver\u00e4nderungen der Arbeitswelt werden immer unvorhersehbarer und komplexer. Damit angehende Manager:innen erfolgreich in die aktuelle dynamische Wirtschaftswelt eintreten, m\u00fcssen die europ\u00e4ischen Universit\u00e4ten und Bildungsdienstleister ihre Angebote in der F\u00fchrungskr\u00e4fteentwicklung entsprechend anpassen. Zielgruppen und deren Nutzen Das Projekt Young Leaders richtete sich an junge F\u00fchrungskr\u00e4fte und Hochschulabsolvent:innen mit weniger als 5 Jahren Berufserfahrung, die eine h\u00f6here F\u00fchrungspositionen anstrebten oder ein eigenes Unternehmen gr\u00fcnden wollten. Sie erhalten ein passgenaues Qualifizierungsangebot, um ihre Kompetenzen als Unternehmer:in und F\u00fchrungskraft zu st\u00e4rken. Projektziel Das Projekt Young Leaders hat zum Ziel, die ma\u00dfgeblichen Kompetenzen und Qualifikationen f\u00fcr junge F\u00fchrungskr\u00e4fte herauszufiltern und es den europ\u00e4ischen Universit\u00e4ten und Bildungsdienstleister zug\u00e4nglich zu machen. Sie k\u00f6nnen ihr Angebot erweitern und die Wirtschaftskraft im Land st\u00e4rken. Rolle<\/p>","protected":false},"author":1,"featured_media":0,"parent":0,"menu_order":0,"comment_status":"closed","ping_status":"closed","template":"","meta":{"footnotes":""},"class_list":["post-3835","page","type-page","status-publish"],"_links":{"self":[{"href":"https:\/\/isob-regensburg.net\/en\/wp-json\/wp\/v2\/pages\/3835","targetHints":{"allow":["GET"]}}],"collection":[{"href":"https:\/\/isob-regensburg.net\/en\/wp-json\/wp\/v2\/pages"}],"about":[{"href":"https:\/\/isob-regensburg.net\/en\/wp-json\/wp\/v2\/types\/page"}],"author":[{"embeddable":true,"href":"https:\/\/isob-regensburg.net\/en\/wp-json\/wp\/v2\/users\/1"}],"replies":[{"embeddable":true,"href":"https:\/\/isob-regensburg.net\/en\/wp-json\/wp\/v2\/comments?post=3835"}],"version-history":[{"count":34,"href":"https:\/\/isob-regensburg.net\/en\/wp-json\/wp\/v2\/pages\/3835\/revisions"}],"predecessor-version":[{"id":6826,"href":"https:\/\/isob-regensburg.net\/en\/wp-json\/wp\/v2\/pages\/3835\/revisions\/6826"}],"wp:attachment":[{"href":"https:\/\/isob-regensburg.net\/en\/wp-json\/wp\/v2\/media?parent=3835"}],"curies":[{"name":"wp","href":"https:\/\/api.w.org\/{rel}","templated":true}]}}