{"id":21,"date":"2021-04-26T13:16:06","date_gmt":"2021-04-26T13:16:06","guid":{"rendered":"https:\/\/isob-regensburg.net\/?page_id=21"},"modified":"2024-08-25T15:56:17","modified_gmt":"2024-08-25T13:56:17","slug":"startseite","status":"publish","type":"page","link":"https:\/\/isob-regensburg.net\/en\/","title":{"rendered":"About Us"},"content":{"rendered":"<div data-elementor-type=\"wp-page\" data-elementor-id=\"21\" class=\"elementor elementor-21\">\n\t\t\t\t\t\t<section class=\"elementor-section elementor-top-section elementor-element elementor-element-4b1876c elementor-section-boxed elementor-section-height-default elementor-section-height-default\" data-id=\"4b1876c\" data-element_type=\"section\" data-e-type=\"section\">\n\t\t\t\t\t\t<div class=\"elementor-container elementor-column-gap-default\">\n\t\t\t\t\t<div class=\"elementor-column elementor-col-100 elementor-top-column elementor-element elementor-element-47a5450\" data-id=\"47a5450\" data-element_type=\"column\" data-e-type=\"column\">\n\t\t\t<div class=\"elementor-widget-wrap\">\n\t\t\t\t\t\t\t<\/div>\n\t\t<\/div>\n\t\t\t\t\t<\/div>\n\t\t<\/section>\n\t\t\t\t<section class=\"elementor-section elementor-top-section elementor-element elementor-element-2673f69 elementor-section-boxed elementor-section-height-default elementor-section-height-default\" data-id=\"2673f69\" data-element_type=\"section\" data-e-type=\"section\" data-settings=\"{&quot;background_background&quot;:&quot;classic&quot;}\">\n\t\t\t\t\t\t<div class=\"elementor-container elementor-column-gap-default\">\n\t\t\t\t\t<div class=\"elementor-column elementor-col-100 elementor-top-column elementor-element elementor-element-9d68dd3\" data-id=\"9d68dd3\" data-element_type=\"column\" data-e-type=\"column\">\n\t\t\t<div class=\"elementor-widget-wrap elementor-element-populated\">\n\t\t\t\t\t\t<div class=\"elementor-element elementor-element-d18d44d elementor-widget elementor-widget-eael-adv-tabs\" data-id=\"d18d44d\" data-element_type=\"widget\" data-e-type=\"widget\" data-widget_type=\"eael-adv-tabs.default\">\n\t\t\t\t<div class=\"elementor-widget-container\">\n\t\t\t\t\t        <div data-scroll-on-click=\"no\" data-scroll-speed=\"300\" id=\"eael-advance-tabs-d18d44d\" class=\"eael-advance-tabs eael-tabs-horizontal eael-tab-auto-active\" data-tabid=\"d18d44d\">\n            <div class=\"eael-tabs-nav\">\n                <ul class=\"\" role=\"tablist\">\n                                            <li id=\"wer-sind-wir\" class=\"inactive eael-tab-item-trigger eael-tab-nav-item\" aria-selected=\"true\" data-tab=\"1\" role=\"tab\" tabindex=\"0\" aria-controls=\"wer-sind-wir-tab\" aria-expanded=\"false\">\n                            \n                            \n                            \n                                                            <span class=\"eael-tab-title title-after-icon\" >Who are we?<\/span>                                                    <\/li>\n                                            <li id=\"was-tun-wir\" class=\"inactive eael-tab-item-trigger eael-tab-nav-item\" aria-selected=\"false\" data-tab=\"2\" role=\"tab\" tabindex=\"-1\" aria-controls=\"was-tun-wir-tab\" aria-expanded=\"false\">\n                            \n                            \n                            \n                                                            <span class=\"eael-tab-title title-after-icon\" >What do we do?<\/span>                                                    <\/li>\n                                            <li id=\"wofr-stehen-wir\" class=\"inactive eael-tab-item-trigger eael-tab-nav-item\" aria-selected=\"false\" data-tab=\"3\" role=\"tab\" tabindex=\"-1\" aria-controls=\"wofr-stehen-wir-tab\" aria-expanded=\"false\">\n                            \n                            \n                            \n                                                            <span class=\"eael-tab-title title-after-icon\" >What do we stand for?<\/span>                                                    <\/li>\n                    \n                                  <\/ul>\n            <\/div>\n            \n            <div class=\"eael-tabs-content\">\n\t\t        \n                    <div id=\"wer-sind-wir-tab\" class=\"clearfix eael-tab-content-item inactive\" data-title-link=\"wer-sind-wir-tab\">\n\t\t\t\t        <p>We are an interdisciplinary and transnational team of social scientists, economists and journalists. Our home is Europe. Our topic is education and innovation. Since 1990, we have been passionate about improving education and training systems, creating better opportunities for people from all social and local backgrounds, and using new technologies and entrepreneurship to tackle social challenges. To do this, we are privileged to work with more than 200 partners in almost every country in Europe.<\/p>                    <\/div>\n\t\t        \n                    <div id=\"was-tun-wir-tab\" class=\"clearfix eael-tab-content-item inactive\" data-title-link=\"was-tun-wir-tab\">\n\t\t\t\t        <p>We develop, accompany, and evaluate innovative projects. We help practitioners to analyse problems in their everyday practice, to plan and implement interventions effectively, and to evaluate the experiences so that they can be used by all interested parties. To this end, we use national and European research funding from, e.g., the Federal Ministry of Education and Research or the European Commission. With our experience from more than 50 funded projects, we make  project proposals realisalbe by helping with the formulation to make them eligible for funding, by implementing them effectively, by communicating them in a targeted manner and by proving their effectiveness on the basis of evidence. Our areas of expertise lie in corporate education, digital transformation, regional development, entrepreneurship and the shaping of a social and inclusive migration society. The idea of sustainability guides our actions in all of these fields.<\/p>                    <\/div>\n\t\t        \n                    <div id=\"wofr-stehen-wir-tab\" class=\"clearfix eael-tab-content-item inactive\" data-title-link=\"wofr-stehen-wir-tab\">\n\t\t\t\t        <p>Wir stehen in der Tradition der Aktionsforschung. Wir unterst\u00fctzen mit wissenschaftlichen Mitteln, wie qualitativer und quantitativer Datenanalyse, Literaturauswertung, Modellbildung und evidenzbasierter Kommunikation von Modellversuchen und Pilotprojekten die Verbesserung der sozialen Praxis. In unseren Projekten trifft das Handlungswissen erfahrener Praktiker:innen auf wissenschaftliche Theoriebildung und -anwendung. Wir forschen nicht \u00fcber, sondern in und mit der Praxis. So entsteht wirksame Innovation. In unseren Projekten handeln wir als &#8222;kritische:r Freund:in&#8220;. Wir ermutigen unsere Partner:innen kritisch Dinge zu hinterfragen und neue Themenstellungen anzugehen. Uns eint die Freude miteinander und voneinander zu lernen. Unsere Partner:innen sehen in uns eine innovative, praxisorientierte und zuverl\u00e4ssige Unterst\u00fctzung.<\/p>                    <\/div>\n\t\t                    <\/div>\n        <\/div>\n\t\t\t\t<\/div>\n\t\t\t\t<\/div>\n\t\t\t\t\t<\/div>\n\t\t<\/div>\n\t\t\t\t\t<\/div>\n\t\t<\/section>\n\t\t\t\t<section class=\"elementor-section elementor-top-section elementor-element elementor-element-b6199ad elementor-section-boxed elementor-section-height-default elementor-section-height-default\" data-id=\"b6199ad\" data-element_type=\"section\" data-e-type=\"section\">\n\t\t\t\t\t\t<div class=\"elementor-container elementor-column-gap-default\">\n\t\t\t\t\t<div class=\"elementor-column elementor-col-100 elementor-top-column elementor-element elementor-element-731c879\" data-id=\"731c879\" data-element_type=\"column\" data-e-type=\"column\">\n\t\t\t<div class=\"elementor-widget-wrap elementor-element-populated\">\n\t\t\t\t\t\t<div class=\"elementor-element elementor-element-7e41354 elementor-hidden-mobile elementor-widget elementor-widget-image\" data-id=\"7e41354\" data-element_type=\"widget\" data-e-type=\"widget\" data-widget_type=\"image.default\">\n\t\t\t\t<div class=\"elementor-widget-container\">\n\t\t\t\t\t\t\t\t\t\t\t\t\t\t\t<img fetchpriority=\"high\" decoding=\"async\" width=\"3826\" height=\"1661\" src=\"https:\/\/isob-regensburg.net\/wp-content\/uploads\/2022\/11\/ISOB-Website-Startseite.png\" class=\"attachment-full size-full wp-image-9348\" alt=\"\" srcset=\"https:\/\/isob-regensburg.net\/wp-content\/uploads\/2022\/11\/ISOB-Website-Startseite.png 3826w, https:\/\/isob-regensburg.net\/wp-content\/uploads\/2022\/11\/ISOB-Website-Startseite-300x130.png 300w, https:\/\/isob-regensburg.net\/wp-content\/uploads\/2022\/11\/ISOB-Website-Startseite-1024x445.png 1024w, https:\/\/isob-regensburg.net\/wp-content\/uploads\/2022\/11\/ISOB-Website-Startseite-768x333.png 768w, https:\/\/isob-regensburg.net\/wp-content\/uploads\/2022\/11\/ISOB-Website-Startseite-1536x667.png 1536w, https:\/\/isob-regensburg.net\/wp-content\/uploads\/2022\/11\/ISOB-Website-Startseite-2048x889.png 2048w, https:\/\/isob-regensburg.net\/wp-content\/uploads\/2022\/11\/ISOB-Website-Startseite-18x8.png 18w\" sizes=\"(max-width: 3826px) 100vw, 3826px\" \/>\t\t\t\t\t\t\t\t\t\t\t\t\t\t\t<\/div>\n\t\t\t\t<\/div>\n\t\t\t\t<div class=\"elementor-element elementor-element-56b2dbb elementor-view-default elementor-widget elementor-widget-icon\" data-id=\"56b2dbb\" data-element_type=\"widget\" data-e-type=\"widget\" data-widget_type=\"icon.default\">\n\t\t\t\t<div class=\"elementor-widget-container\">\n\t\t\t\t\t\t\t<div class=\"elementor-icon-wrapper\">\n\t\t\t<div class=\"elementor-icon\">\n\t\t\t<i aria-hidden=\"true\" class=\"fas fa-star\"><\/i>\t\t\t<\/div>\n\t\t<\/div>\n\t\t\t\t\t\t<\/div>\n\t\t\t\t<\/div>\n\t\t\t\t\t<\/div>\n\t\t<\/div>\n\t\t\t\t\t<\/div>\n\t\t<\/section>\n\t\t\t\t<section class=\"elementor-section elementor-top-section elementor-element elementor-element-ca731f6 elementor-section-boxed elementor-section-height-default elementor-section-height-default\" data-id=\"ca731f6\" data-element_type=\"section\" data-e-type=\"section\">\n\t\t\t\t\t\t<div class=\"elementor-container elementor-column-gap-default\">\n\t\t\t\t\t<div class=\"elementor-column elementor-col-100 elementor-top-column elementor-element elementor-element-09a9e5d\" data-id=\"09a9e5d\" data-element_type=\"column\" data-e-type=\"column\">\n\t\t\t<div class=\"elementor-widget-wrap elementor-element-populated\">\n\t\t\t\t\t\t<section class=\"elementor-section elementor-inner-section elementor-element elementor-element-fc110ff elementor-section-boxed elementor-section-height-default elementor-section-height-default\" data-id=\"fc110ff\" data-element_type=\"section\" data-e-type=\"section\">\n\t\t\t\t\t\t<div class=\"elementor-container elementor-column-gap-default\">\n\t\t\t\t\t<div class=\"elementor-column elementor-col-50 elementor-inner-column elementor-element elementor-element-d333ac4\" data-id=\"d333ac4\" data-element_type=\"column\" data-e-type=\"column\">\n\t\t\t<div class=\"elementor-widget-wrap\">\n\t\t\t\t\t\t\t<\/div>\n\t\t<\/div>\n\t\t\t\t<div class=\"elementor-column elementor-col-50 elementor-inner-column elementor-element elementor-element-66b949f\" data-id=\"66b949f\" data-element_type=\"column\" data-e-type=\"column\">\n\t\t\t<div class=\"elementor-widget-wrap\">\n\t\t\t\t\t\t\t<\/div>\n\t\t<\/div>\n\t\t\t\t\t<\/div>\n\t\t<\/section>\n\t\t\t\t\t<\/div>\n\t\t<\/div>\n\t\t\t\t\t<\/div>\n\t\t<\/section>\n\t\t\t\t<section class=\"elementor-section elementor-top-section elementor-element elementor-element-f5ef381 elementor-section-boxed elementor-section-height-default elementor-section-height-default\" data-id=\"f5ef381\" data-element_type=\"section\" data-e-type=\"section\">\n\t\t\t\t\t\t<div class=\"elementor-container elementor-column-gap-default\">\n\t\t\t\t\t<div class=\"elementor-column elementor-col-100 elementor-top-column elementor-element elementor-element-dac7816\" data-id=\"dac7816\" data-element_type=\"column\" data-e-type=\"column\">\n\t\t\t<div class=\"elementor-widget-wrap elementor-element-populated\">\n\t\t\t\t\t\t\t<\/div>\n\t\t<\/div>\n\t\t\t\t\t<\/div>\n\t\t<\/section>\n\t\t\t\t<section class=\"elementor-section elementor-top-section elementor-element elementor-element-c623334 elementor-section-boxed elementor-section-height-default elementor-section-height-default\" data-id=\"c623334\" data-element_type=\"section\" data-e-type=\"section\">\n\t\t\t\t\t\t<div class=\"elementor-container elementor-column-gap-default\">\n\t\t\t\t\t<div class=\"elementor-column elementor-col-100 elementor-top-column elementor-element elementor-element-7b486db\" data-id=\"7b486db\" data-element_type=\"column\" data-e-type=\"column\">\n\t\t\t<div class=\"elementor-widget-wrap elementor-element-populated\">\n\t\t\t\t\t\t<div class=\"elementor-element elementor-element-492aa78 elementor-widget elementor-widget-spacer\" data-id=\"492aa78\" data-element_type=\"widget\" data-e-type=\"widget\" data-widget_type=\"spacer.default\">\n\t\t\t\t<div class=\"elementor-widget-container\">\n\t\t\t\t\t\t\t<div class=\"elementor-spacer\">\n\t\t\t<div class=\"elementor-spacer-inner\"><\/div>\n\t\t<\/div>\n\t\t\t\t\t\t<\/div>\n\t\t\t\t<\/div>\n\t\t\t\t\t<\/div>\n\t\t<\/div>\n\t\t\t\t\t<\/div>\n\t\t<\/section>\n\t\t\t\t<\/div>","protected":false},"excerpt":{"rendered":"<p>Wer sind wir? Was tun wir? Wof\u00fcr stehen wir? Wir sind ein interdisziplin\u00e4res und transnationales Team aus Sozial- und Geisteswissenschaftler:innen, \u00d6konom:innen und Journalist:innen. Unsere Heimat ist Europa. Unser Thema ist Bildung und Innovation. Wir arbeiten seit 1990 mit Leidenschaft daran, die Aus- und Weiterbildungssysteme zu verbessern, bessere Chancen f\u00fcr Menschen jeglicher sozialer und \u00f6rtlicher Herkunft zu schaffen und neue Technologien und unternehmerisches Denken einzusetzen, um soziale Herausforderungen zu bew\u00e4ltigen. Daf\u00fcr d\u00fcrfen wir mit mehr als 200 Partner:innen in nahezu allen L\u00e4ndern Europas zusammenarbeiten. Wir entwickeln, begleiten und evaluieren innovative Projekte. Wir helfen Praktiker:innen, Probleme ihrer Alltagspraxis zu analysieren, Interventionen wirkungsvoll zu planen und umzusetzen und die Erfahrungen so auszuwerten, dass sie von allen Interessierten genutzt werden k\u00f6nnen. Dazu nutzen wir die nationale und europ\u00e4ische Forschungsf\u00f6rderung durch z.B. das Bundesministerium f\u00fcr Bildung und Forschung oder die Europ\u00e4ische Kommission. Mit unserer Erfahrung aus mehr als 50 gef\u00f6rderten Projekten helfen wir Projektvorhaben f\u00f6rderf\u00e4hig<\/p>","protected":false},"author":1,"featured_media":0,"parent":0,"menu_order":0,"comment_status":"closed","ping_status":"closed","template":"","meta":{"footnotes":""},"class_list":["post-21","page","type-page","status-publish"],"_links":{"self":[{"href":"https:\/\/isob-regensburg.net\/en\/wp-json\/wp\/v2\/pages\/21","targetHints":{"allow":["GET"]}}],"collection":[{"href":"https:\/\/isob-regensburg.net\/en\/wp-json\/wp\/v2\/pages"}],"about":[{"href":"https:\/\/isob-regensburg.net\/en\/wp-json\/wp\/v2\/types\/page"}],"author":[{"embeddable":true,"href":"https:\/\/isob-regensburg.net\/en\/wp-json\/wp\/v2\/users\/1"}],"replies":[{"embeddable":true,"href":"https:\/\/isob-regensburg.net\/en\/wp-json\/wp\/v2\/comments?post=21"}],"version-history":[{"count":669,"href":"https:\/\/isob-regensburg.net\/en\/wp-json\/wp\/v2\/pages\/21\/revisions"}],"predecessor-version":[{"id":11658,"href":"https:\/\/isob-regensburg.net\/en\/wp-json\/wp\/v2\/pages\/21\/revisions\/11658"}],"wp:attachment":[{"href":"https:\/\/isob-regensburg.net\/en\/wp-json\/wp\/v2\/media?parent=21"}],"curies":[{"name":"wp","href":"https:\/\/api.w.org\/{rel}","templated":true}]}}