{"id":100,"date":"2021-04-26T14:48:27","date_gmt":"2021-04-26T14:48:27","guid":{"rendered":"https:\/\/isob-regensburg.net\/?page_id=100"},"modified":"2026-01-12T16:42:51","modified_gmt":"2026-01-12T15:42:51","slug":"impressum","status":"publish","type":"page","link":"https:\/\/isob-regensburg.net\/en\/impressum\/","title":{"rendered":"Imprint"},"content":{"rendered":"<div data-elementor-type=\"wp-page\" data-elementor-id=\"100\" class=\"elementor elementor-100\">\n\t\t\t\t\t\t<section class=\"elementor-section elementor-top-section elementor-element elementor-element-f46a4c1 elementor-section-boxed elementor-section-height-default elementor-section-height-default\" data-id=\"f46a4c1\" data-element_type=\"section\" data-e-type=\"section\">\n\t\t\t\t\t\t<div class=\"elementor-container elementor-column-gap-default\">\n\t\t\t\t\t<div class=\"elementor-column elementor-col-100 elementor-top-column elementor-element elementor-element-9893a40\" data-id=\"9893a40\" data-element_type=\"column\" data-e-type=\"column\">\n\t\t\t<div class=\"elementor-widget-wrap elementor-element-populated\">\n\t\t\t\t\t\t<div class=\"elementor-element elementor-element-ac8d823 elementor-widget elementor-widget-heading\" data-id=\"ac8d823\" data-element_type=\"widget\" data-e-type=\"widget\" data-widget_type=\"heading.default\">\n\t\t\t\t<div class=\"elementor-widget-container\">\n\t\t\t\t\t<h1 class=\"elementor-heading-title elementor-size-large\">Imprint<\/h1>\t\t\t\t<\/div>\n\t\t\t\t<\/div>\n\t\t\t\t\t<\/div>\n\t\t<\/div>\n\t\t\t\t\t<\/div>\n\t\t<\/section>\n\t\t\t\t<section class=\"elementor-section elementor-top-section elementor-element elementor-element-33c36f2 elementor-section-boxed elementor-section-height-default elementor-section-height-default\" data-id=\"33c36f2\" data-element_type=\"section\" data-e-type=\"section\">\n\t\t\t\t\t\t<div class=\"elementor-container elementor-column-gap-default\">\n\t\t\t\t\t<div class=\"elementor-column elementor-col-100 elementor-top-column elementor-element elementor-element-89213fe\" data-id=\"89213fe\" data-element_type=\"column\" data-e-type=\"column\">\n\t\t\t<div class=\"elementor-widget-wrap elementor-element-populated\">\n\t\t\t\t\t\t<div class=\"elementor-element elementor-element-e59f6e5 elementor-widget elementor-widget-text-editor\" data-id=\"e59f6e5\" data-element_type=\"widget\" data-e-type=\"widget\" data-widget_type=\"text-editor.default\">\n\t\t\t\t<div class=\"elementor-widget-container\">\n\t\t\t\t\t\t\t\t\t<p><strong>Institut f\u00fcr sozialwissenschaftliche Beratung GmbH i. L.<\/strong><br \/>Adolf-Schmetzer-Strasse 32<br \/>93055 Regensburg<br \/>Germany<\/p><p><strong>Contact person:<\/strong> <br \/>Alexander Krauss<br \/>Email: krauss@isob-regensburg.net\u00a0<br \/>Phone: 0049 941 46562680<\/p><p>Disclaimer: Despite careful control of the content, we do not assume any liability for the content of external links. The operators of the linked pages are solely responsible for their content.<\/p><p>Background - Image licence:\u00a0 <a href=\"https:\/\/pixabay.com\/de\/service\/license\/\">Pixabay-Lizenz<\/a><\/p><p><a href=\"http:\/\/www.isob-regensburg.net\/joomla3\/index.php\/en\/\"><strong>www.isob-regensburg.net<\/strong><\/a><\/p><p>Represented by the liquidators Alexander Krauss, Alice Buzdugan\u00a0<span style=\"color: var( --e-global-color-text ); font-family: var( --e-global-typography-text-font-family ), Sans-serif; font-weight: var( --e-global-typography-text-font-weight ); word-spacing: normal;\">Alice Buzdugan<\/span><\/p><p>Shareholders: Alice Buzdugan, Alexander Krauss,\u00a0<span style=\"color: var( --e-global-color-text ); font-family: var( --e-global-typography-text-font-family ), Sans-serif; font-weight: var( --e-global-typography-text-font-weight ); word-spacing: normal;\">Stefanie Fuchs,\u00a0<\/span><span style=\"color: var( --e-global-color-text ); font-family: var( --e-global-typography-text-font-family ), Sans-serif; font-weight: var( --e-global-typography-text-font-weight ); word-spacing: normal;\">Rebecca Weidenhiller<\/span><\/p><p><span style=\"color: var( --e-global-color-text ); font-family: var( --e-global-typography-text-font-family ), Sans-serif; font-weight: var( --e-global-typography-text-font-weight ); word-spacing: normal;\">Registry court: Amtsgericht Regensburg Register number: HR 9137<\/span><\/p><p>Sales tax identification number according to \u00a7 27 a Sales Tax Act: DE 231275541<\/p><p>Person responsible for content pursuant to Section 18 (2) of the German Media State Treaty (MStV): <span style=\"color: var( --e-global-color-text ); font-family: var( --e-global-typography-text-font-family ), Sans-serif; font-weight: var( --e-global-typography-text-font-weight ); word-spacing: normal;\">Alexander Krauss, Alice Buzdugan\u00a0<\/span><\/p>\t\t\t\t\t\t\t\t<\/div>\n\t\t\t\t<\/div>\n\t\t\t\t\t<\/div>\n\t\t<\/div>\n\t\t\t\t\t<\/div>\n\t\t<\/section>\n\t\t\t\t<\/div>","protected":false},"excerpt":{"rendered":"<p>Impressum Institut f\u00fcr sozialwissenschaftliche Beratung GmbH i. L.Adolf-Schmetzer-Strasse 3293055 RegensburgDeutschland Kontaktperson: Alexander KraussEmail: krauss@isob-regensburg.net\u00a0Telefon: 0049 941 46562680 Haftungshinweis: Trotz sorgf\u00e4ltiger inhaltlicher Kontrolle \u00fcbernehmen wir keine Haftung f\u00fcr die Inhalte externer Links. F\u00fcr den Inhalt der verlinkten Seiten sind ausschlie\u00dflich deren Betreiber verantwortlich. Hintergrund &#8211; Bildlizenz:\u00a0 Pixabay-Lizenz www.isob-regensburg.net Vertreten durch die Liquidatoren: Alexander Krauss,\u00a0Alice Buzdugan Gesellschafter: Alice Buzdugan, Alexander Krauss,\u00a0Stefanie Fuchs,\u00a0Rebecca Weidenhiller Registergericht: Amtsgericht Regensburg\u00a0Registernummer: HR 9137 Umsatzsteuer-Identifikationsnummer gem\u00e4\u00df \u00a7 27 a Umsatzsteuergesetz: DE 231275541 Inhaltlich Verantwortliche gem\u00e4\u00df \u00a7 18 Abs. 2 MStV:: Alexander Krauss, Alice Buzdugan\u00a0<\/p>","protected":false},"author":1,"featured_media":0,"parent":0,"menu_order":0,"comment_status":"closed","ping_status":"closed","template":"","meta":{"footnotes":""},"class_list":["post-100","page","type-page","status-publish"],"_links":{"self":[{"href":"https:\/\/isob-regensburg.net\/en\/wp-json\/wp\/v2\/pages\/100","targetHints":{"allow":["GET"]}}],"collection":[{"href":"https:\/\/isob-regensburg.net\/en\/wp-json\/wp\/v2\/pages"}],"about":[{"href":"https:\/\/isob-regensburg.net\/en\/wp-json\/wp\/v2\/types\/page"}],"author":[{"embeddable":true,"href":"https:\/\/isob-regensburg.net\/en\/wp-json\/wp\/v2\/users\/1"}],"replies":[{"embeddable":true,"href":"https:\/\/isob-regensburg.net\/en\/wp-json\/wp\/v2\/comments?post=100"}],"version-history":[{"count":85,"href":"https:\/\/isob-regensburg.net\/en\/wp-json\/wp\/v2\/pages\/100\/revisions"}],"predecessor-version":[{"id":11770,"href":"https:\/\/isob-regensburg.net\/en\/wp-json\/wp\/v2\/pages\/100\/revisions\/11770"}],"wp:attachment":[{"href":"https:\/\/isob-regensburg.net\/en\/wp-json\/wp\/v2\/media?parent=100"}],"curies":[{"name":"wp","href":"https:\/\/api.w.org\/{rel}","templated":true}]}}